{"id":1802,"date":"2026-01-13T15:39:37","date_gmt":"2026-01-13T15:39:37","guid":{"rendered":"https:\/\/autowellness-stolpe.de\/?page_id=1802"},"modified":"2026-01-13T15:40:41","modified_gmt":"2026-01-13T15:40:41","slug":"impressum","status":"publish","type":"page","link":"https:\/\/autowellness-stolpe.de\/?page_id=1802","title":{"rendered":"Impressum"},"content":{"rendered":"\t\t<div data-elementor-type=\"wp-page\" data-elementor-id=\"1802\" class=\"elementor elementor-1802\" data-elementor-post-type=\"page\">\n\t\t\t\t\t\t<section class=\"elementor-section elementor-top-section elementor-element elementor-element-62dd1b2f elementor-section-height-min-height elementor-section-boxed elementor-section-height-default elementor-section-items-middle\" data-id=\"62dd1b2f\" data-element_type=\"section\" data-e-type=\"section\" data-settings=\"{&quot;background_background&quot;:&quot;classic&quot;,&quot;shape_divider_bottom&quot;:&quot;mountains&quot;}\">\n\t\t\t\t\t\t\t<div class=\"elementor-background-overlay\"><\/div>\n\t\t\t\t\t\t<div class=\"elementor-shape elementor-shape-bottom\" aria-hidden=\"true\" data-negative=\"false\">\n\t\t\t<svg xmlns=\"http:\/\/www.w3.org\/2000\/svg\" viewBox=\"0 0 1000 100\" preserveAspectRatio=\"none\">\n\t<path class=\"elementor-shape-fill\" opacity=\"0.33\" d=\"M473,67.3c-203.9,88.3-263.1-34-320.3,0C66,119.1,0,59.7,0,59.7V0h1000v59.7 c0,0-62.1,26.1-94.9,29.3c-32.8,3.3-62.8-12.3-75.8-22.1C806,49.6,745.3,8.7,694.9,4.7S492.4,59,473,67.3z\"\/>\n\t<path class=\"elementor-shape-fill\" opacity=\"0.66\" d=\"M734,67.3c-45.5,0-77.2-23.2-129.1-39.1c-28.6-8.7-150.3-10.1-254,39.1 s-91.7-34.4-149.2,0C115.7,118.3,0,39.8,0,39.8V0h1000v36.5c0,0-28.2-18.5-92.1-18.5C810.2,18.1,775.7,67.3,734,67.3z\"\/>\n\t<path class=\"elementor-shape-fill\" d=\"M766.1,28.9c-200-57.5-266,65.5-395.1,19.5C242,1.8,242,5.4,184.8,20.6C128,35.8,132.3,44.9,89.9,52.5C28.6,63.7,0,0,0,0 h1000c0,0-9.9,40.9-83.6,48.1S829.6,47,766.1,28.9z\"\/>\n<\/svg>\t\t<\/div>\n\t\t\t\t\t<div class=\"elementor-container elementor-column-gap-default\">\n\t\t\t\t\t<div class=\"elementor-column elementor-col-100 elementor-top-column elementor-element elementor-element-d27f35d\" data-id=\"d27f35d\" data-element_type=\"column\" data-e-type=\"column\">\n\t\t\t<div class=\"elementor-widget-wrap\">\n\t\t\t\t\t\t\t<\/div>\n\t\t<\/div>\n\t\t\t\t\t<\/div>\n\t\t<\/section>\n\t\t<div class=\"elementor-element elementor-element-554c302 e-flex e-con-boxed e-con e-parent\" data-id=\"554c302\" data-element_type=\"container\" data-e-type=\"container\">\n\t\t\t\t\t<div class=\"e-con-inner\">\n\t\t<div class=\"elementor-element elementor-element-fe979a4 e-con-full e-flex e-con e-child\" data-id=\"fe979a4\" data-element_type=\"container\" data-e-type=\"container\">\n\t\t\t\t<div class=\"elementor-element elementor-element-a8b8e13 elementor-widget elementor-widget-text-editor\" data-id=\"a8b8e13\" data-element_type=\"widget\" data-e-type=\"widget\" data-widget_type=\"text-editor.default\">\n\t\t\t\t\t\t\t\t\t<p><span style=\"color: inherit; font-family: inherit; font-size: 30px; font-weight: bold; letter-spacing: -0.02em;\">Impressum<\/span><\/p><p data-start=\"196\" data-end=\"221\"><strong data-start=\"196\" data-end=\"221\"><u>Angaben gem\u00e4\u00df \u00a7 5 TMG<\/u><\/strong><\/p><p>Autowellness Stolpe Inh. Martin Overath\u00a0<br \/><span style=\"letter-spacing: 0px;\">An der Stra\u00dfenmeisterei 4<br \/><\/span><span style=\"letter-spacing: 0px;\">24601 Stolpe<br \/>Deutschland<\/span><\/p><p data-start=\"300\" data-end=\"340\"><strong data-start=\"300\" data-end=\"311\"><u>\u00a0<\/u><\/strong><\/p><p data-start=\"300\" data-end=\"340\"><strong data-start=\"300\" data-end=\"311\"><u>Kontakt<\/u><\/strong><br data-start=\"311\" data-end=\"314\" \/>Telefon: +49 (<span style=\"letter-spacing: 0px;\">0) 4326 2898348<br \/><\/span><span style=\"letter-spacing: 0px;\">E-Mail: info@autowellness-stolpe.de<\/span><\/p><p data-start=\"300\" data-end=\"340\"><span style=\"letter-spacing: 0px;\">\u00a0&#8211;<\/span><\/p><div>\u00a0<\/div><p data-start=\"300\" data-end=\"340\"><span style=\"letter-spacing: 0px;\" data-start=\"399\" data-end=\"418\"><b><u>Umsatzsteuer-ID<br \/><\/u><\/b><\/span><span style=\"letter-spacing: 0px;\">Umsatzsteuer-Identifikationsnummer gem\u00e4\u00df \u00a7 27 a Umsatzsteuergesetz:\u00a0<br \/><\/span><span style=\"letter-spacing: 0px;\">DE226497966<\/span><\/p><p><span style=\"color: inherit; font-family: inherit; font-size: 24px; font-weight: bold; letter-spacing: -0.02em;\">\u00a0<\/span><\/p><p><span style=\"color: inherit; font-family: inherit; font-size: 24px; font-weight: bold; letter-spacing: -0.02em;\">Haftung f\u00fcr Inhalte<\/span><\/p><p data-start=\"772\" data-end=\"1127\">Als Diensteanbieter sind wir gem\u00e4\u00df \u00a7 7 Abs.1 TMG f\u00fcr eigene Inhalte auf diesen Seiten nach den allgemeinen Gesetzen verantwortlich. Nach \u00a7\u00a7 8 bis 10 TMG sind wir als Diensteanbieter jedoch nicht verpflichtet, \u00fcbermittelte oder gespeicherte fremde Informationen zu \u00fcberwachen oder nach Umst\u00e4nden zu forschen, die auf eine rechtswidrige T\u00e4tigkeit hinweisen.<\/p><hr data-start=\"1129\" data-end=\"1132\" \/><h3 data-start=\"1134\" data-end=\"1157\">Haftung f\u00fcr Links<\/h3><p data-start=\"1158\" data-end=\"1335\">Unser Angebot enth\u00e4lt Links zu externen Websites Dritter, auf deren Inhalte wir keinen Einfluss haben. Deshalb k\u00f6nnen wir f\u00fcr diese fremden Inhalte auch keine Gew\u00e4hr \u00fcbernehmen.<\/p><hr data-start=\"1337\" data-end=\"1340\" \/><h3 data-start=\"1342\" data-end=\"1360\">Urheberrecht<\/h3><p data-start=\"1361\" data-end=\"1477\">Die durch die Seitenbetreiber erstellten Inhalte und Werke auf diesen Seiten unterliegen dem deutschen Urheberrecht.<\/p>\t\t\t\t\t\t\t\t<\/div>\n\t\t\t\t<\/div>\n\t\t\t\t\t<\/div>\n\t\t\t\t<\/div>\n\t\t\t\t<\/div>\n\t\t","protected":false},"excerpt":{"rendered":"<p>Impressum Angaben gem\u00e4\u00df \u00a7 5 TMG Autowellness Stolpe Inh. Martin Overath\u00a0An der Stra\u00dfenmeisterei 424601 StolpeDeutschland \u00a0 KontaktTelefon: +49 (0) 4326 2898348E-Mail: info@autowellness-stolpe.de \u00a0&#8211; \u00a0 Umsatzsteuer-IDUmsatzsteuer-Identifikationsnummer gem\u00e4\u00df \u00a7 27 a Umsatzsteuergesetz:\u00a0DE226497966 \u00a0 Haftung f\u00fcr Inhalte Als Diensteanbieter sind wir gem\u00e4\u00df \u00a7 7 Abs.1 TMG f\u00fcr eigene Inhalte auf diesen Seiten nach den allgemeinen Gesetzen verantwortlich. Nach&hellip;<\/p>\n","protected":false},"author":1,"featured_media":0,"parent":0,"menu_order":0,"comment_status":"closed","ping_status":"closed","template":"","meta":{"footnotes":""},"class_list":["post-1802","page","type-page","status-publish","hentry"],"yoast_head":"<!-- This site is optimized with the Yoast SEO plugin v27.4 - https:\/\/yoast.com\/product\/yoast-seo-wordpress\/ -->\n<title>AutoWellness Stolpe<\/title>\n<meta name=\"description\" content=\"AutoWellness Stolpe\" \/>\n<meta name=\"robots\" content=\"index, follow, max-snippet:-1, max-image-preview:large, max-video-preview:-1\" \/>\n<link rel=\"canonical\" href=\"https:\/\/autowellness-stolpe.de\/?page_id=1802\" \/>\n<meta property=\"og:locale\" content=\"de_DE\" \/>\n<meta property=\"og:type\" content=\"article\" \/>\n<meta property=\"og:title\" content=\"AutoWellness Stolpe\" \/>\n<meta property=\"og:description\" content=\"AutoWellness Stolpe\" \/>\n<meta property=\"og:url\" content=\"https:\/\/autowellness-stolpe.de\/?page_id=1802\" \/>\n<meta property=\"og:site_name\" content=\"Autowellness Stolpe\" \/>\n<meta property=\"article:publisher\" content=\"https:\/\/www.facebook.com\/people\/AutoWellness-Stolpe\/100064177083963\/\" \/>\n<meta property=\"article:modified_time\" content=\"2026-01-13T15:40:41+00:00\" \/>\n<meta name=\"twitter:card\" content=\"summary_large_image\" \/>\n<meta name=\"twitter:label1\" content=\"Gesch\u00e4tzte Lesezeit\" \/>\n\t<meta name=\"twitter:data1\" content=\"1\u00a0Minute\" \/>\n<script type=\"application\/ld+json\" class=\"yoast-schema-graph\">{\"@context\":\"https:\\\/\\\/schema.org\",\"@graph\":[{\"@type\":\"WebPage\",\"@id\":\"https:\\\/\\\/autowellness-stolpe.de\\\/?page_id=1802\",\"url\":\"https:\\\/\\\/autowellness-stolpe.de\\\/?page_id=1802\",\"name\":\"AutoWellness Stolpe\",\"isPartOf\":{\"@id\":\"https:\\\/\\\/autowellness-stolpe.de\\\/#website\"},\"datePublished\":\"2026-01-13T15:39:37+00:00\",\"dateModified\":\"2026-01-13T15:40:41+00:00\",\"description\":\"AutoWellness Stolpe\",\"breadcrumb\":{\"@id\":\"https:\\\/\\\/autowellness-stolpe.de\\\/?page_id=1802#breadcrumb\"},\"inLanguage\":\"de\",\"potentialAction\":[{\"@type\":\"ReadAction\",\"target\":[\"https:\\\/\\\/autowellness-stolpe.de\\\/?page_id=1802\"]}]},{\"@type\":\"BreadcrumbList\",\"@id\":\"https:\\\/\\\/autowellness-stolpe.de\\\/?page_id=1802#breadcrumb\",\"itemListElement\":[{\"@type\":\"ListItem\",\"position\":1,\"name\":\"Home\",\"item\":\"https:\\\/\\\/autowellness-stolpe.de\\\/\"},{\"@type\":\"ListItem\",\"position\":2,\"name\":\"Impressum\"}]},{\"@type\":\"WebSite\",\"@id\":\"https:\\\/\\\/autowellness-stolpe.de\\\/#website\",\"url\":\"https:\\\/\\\/autowellness-stolpe.de\\\/\",\"name\":\"Autowellness Stolpe\",\"description\":\"Auto Waschanlage f\u00fcr eine gr\u00fcndliche und professionelle Fahrzeugreinigung\",\"publisher\":{\"@id\":\"https:\\\/\\\/autowellness-stolpe.de\\\/#organization\"},\"alternateName\":\"Auto Waschanlage f\u00fcr eine gr\u00fcndliche und professionelle Fahrzeugreinigung\",\"potentialAction\":[{\"@type\":\"SearchAction\",\"target\":{\"@type\":\"EntryPoint\",\"urlTemplate\":\"https:\\\/\\\/autowellness-stolpe.de\\\/?s={search_term_string}\"},\"query-input\":{\"@type\":\"PropertyValueSpecification\",\"valueRequired\":true,\"valueName\":\"search_term_string\"}}],\"inLanguage\":\"de\"},{\"@type\":\"Organization\",\"@id\":\"https:\\\/\\\/autowellness-stolpe.de\\\/#organization\",\"name\":\"Autowellness Stolpe\",\"alternateName\":\"AutoWellness Stolpe\",\"url\":\"https:\\\/\\\/autowellness-stolpe.de\\\/\",\"logo\":{\"@type\":\"ImageObject\",\"inLanguage\":\"de\",\"@id\":\"https:\\\/\\\/autowellness-stolpe.de\\\/#\\\/schema\\\/logo\\\/image\\\/\",\"url\":\"https:\\\/\\\/autowellness-stolpe.de\\\/wp-content\\\/uploads\\\/2026\\\/01\\\/200603_Logo_Waschanlage_lay_Bo-scaled.png\",\"contentUrl\":\"https:\\\/\\\/autowellness-stolpe.de\\\/wp-content\\\/uploads\\\/2026\\\/01\\\/200603_Logo_Waschanlage_lay_Bo-scaled.png\",\"width\":2560,\"height\":940,\"caption\":\"Autowellness Stolpe\"},\"image\":{\"@id\":\"https:\\\/\\\/autowellness-stolpe.de\\\/#\\\/schema\\\/logo\\\/image\\\/\"},\"sameAs\":[\"https:\\\/\\\/www.facebook.com\\\/people\\\/AutoWellness-Stolpe\\\/100064177083963\\\/\",\"https:\\\/\\\/www.instagram.com\\\/autowellness_stolpe?utm_source=ig_web_button_share_sheet&igsh=ZDNlZDc0MzIxNw\"]}]}<\/script>\n<!-- \/ Yoast SEO plugin. -->","yoast_head_json":{"title":"AutoWellness Stolpe","description":"AutoWellness Stolpe","robots":{"index":"index","follow":"follow","max-snippet":"max-snippet:-1","max-image-preview":"max-image-preview:large","max-video-preview":"max-video-preview:-1"},"canonical":"https:\/\/autowellness-stolpe.de\/?page_id=1802","og_locale":"de_DE","og_type":"article","og_title":"AutoWellness Stolpe","og_description":"AutoWellness Stolpe","og_url":"https:\/\/autowellness-stolpe.de\/?page_id=1802","og_site_name":"Autowellness Stolpe","article_publisher":"https:\/\/www.facebook.com\/people\/AutoWellness-Stolpe\/100064177083963\/","article_modified_time":"2026-01-13T15:40:41+00:00","twitter_card":"summary_large_image","twitter_misc":{"Gesch\u00e4tzte Lesezeit":"1\u00a0Minute"},"schema":{"@context":"https:\/\/schema.org","@graph":[{"@type":"WebPage","@id":"https:\/\/autowellness-stolpe.de\/?page_id=1802","url":"https:\/\/autowellness-stolpe.de\/?page_id=1802","name":"AutoWellness Stolpe","isPartOf":{"@id":"https:\/\/autowellness-stolpe.de\/#website"},"datePublished":"2026-01-13T15:39:37+00:00","dateModified":"2026-01-13T15:40:41+00:00","description":"AutoWellness Stolpe","breadcrumb":{"@id":"https:\/\/autowellness-stolpe.de\/?page_id=1802#breadcrumb"},"inLanguage":"de","potentialAction":[{"@type":"ReadAction","target":["https:\/\/autowellness-stolpe.de\/?page_id=1802"]}]},{"@type":"BreadcrumbList","@id":"https:\/\/autowellness-stolpe.de\/?page_id=1802#breadcrumb","itemListElement":[{"@type":"ListItem","position":1,"name":"Home","item":"https:\/\/autowellness-stolpe.de\/"},{"@type":"ListItem","position":2,"name":"Impressum"}]},{"@type":"WebSite","@id":"https:\/\/autowellness-stolpe.de\/#website","url":"https:\/\/autowellness-stolpe.de\/","name":"Autowellness Stolpe","description":"Auto Waschanlage f\u00fcr eine gr\u00fcndliche und professionelle Fahrzeugreinigung","publisher":{"@id":"https:\/\/autowellness-stolpe.de\/#organization"},"alternateName":"Auto Waschanlage f\u00fcr eine gr\u00fcndliche und professionelle Fahrzeugreinigung","potentialAction":[{"@type":"SearchAction","target":{"@type":"EntryPoint","urlTemplate":"https:\/\/autowellness-stolpe.de\/?s={search_term_string}"},"query-input":{"@type":"PropertyValueSpecification","valueRequired":true,"valueName":"search_term_string"}}],"inLanguage":"de"},{"@type":"Organization","@id":"https:\/\/autowellness-stolpe.de\/#organization","name":"Autowellness Stolpe","alternateName":"AutoWellness Stolpe","url":"https:\/\/autowellness-stolpe.de\/","logo":{"@type":"ImageObject","inLanguage":"de","@id":"https:\/\/autowellness-stolpe.de\/#\/schema\/logo\/image\/","url":"https:\/\/autowellness-stolpe.de\/wp-content\/uploads\/2026\/01\/200603_Logo_Waschanlage_lay_Bo-scaled.png","contentUrl":"https:\/\/autowellness-stolpe.de\/wp-content\/uploads\/2026\/01\/200603_Logo_Waschanlage_lay_Bo-scaled.png","width":2560,"height":940,"caption":"Autowellness Stolpe"},"image":{"@id":"https:\/\/autowellness-stolpe.de\/#\/schema\/logo\/image\/"},"sameAs":["https:\/\/www.facebook.com\/people\/AutoWellness-Stolpe\/100064177083963\/","https:\/\/www.instagram.com\/autowellness_stolpe?utm_source=ig_web_button_share_sheet&igsh=ZDNlZDc0MzIxNw"]}]}},"_links":{"self":[{"href":"https:\/\/autowellness-stolpe.de\/index.php?rest_route=\/wp\/v2\/pages\/1802","targetHints":{"allow":["GET"]}}],"collection":[{"href":"https:\/\/autowellness-stolpe.de\/index.php?rest_route=\/wp\/v2\/pages"}],"about":[{"href":"https:\/\/autowellness-stolpe.de\/index.php?rest_route=\/wp\/v2\/types\/page"}],"author":[{"embeddable":true,"href":"https:\/\/autowellness-stolpe.de\/index.php?rest_route=\/wp\/v2\/users\/1"}],"replies":[{"embeddable":true,"href":"https:\/\/autowellness-stolpe.de\/index.php?rest_route=%2Fwp%2Fv2%2Fcomments&post=1802"}],"version-history":[{"count":7,"href":"https:\/\/autowellness-stolpe.de\/index.php?rest_route=\/wp\/v2\/pages\/1802\/revisions"}],"predecessor-version":[{"id":1809,"href":"https:\/\/autowellness-stolpe.de\/index.php?rest_route=\/wp\/v2\/pages\/1802\/revisions\/1809"}],"wp:attachment":[{"href":"https:\/\/autowellness-stolpe.de\/index.php?rest_route=%2Fwp%2Fv2%2Fmedia&parent=1802"}],"curies":[{"name":"wp","href":"https:\/\/api.w.org\/{rel}","templated":true}]}}